{"id":16,"date":"2017-12-26T23:21:38","date_gmt":"2017-12-26T23:21:38","guid":{"rendered":"http:\/\/ag-sale.com\/?page_id=16"},"modified":"2018-12-30T12:37:30","modified_gmt":"2018-12-30T12:37:30","slug":"contact","status":"publish","type":"page","link":"https:\/\/ag-sale.com\/?page_id=16","title":{"rendered":"Contacto"},"content":{"rendered":"<header class=\"entry-header\"><\/header>\n<div class=\"entry-content\">\n<div class=\"bgimg\">\n<div class=\"middle\">\n<p>&nbsp;<\/p>\n<\/div>\n<div class=\"bottomleft\">\n<p>Ventas:<br \/>\nventas@ag-sale.com<\/p>\n<p>Compras:<br \/>\ncompras@ag-sale.com<\/p>\n<p>Atenci\u00f3n al cliente:<br \/>\nservicios@ag-sale.com<\/p>\n<p>Administraci\u00f3n:<br \/>\nadministracion@ag-sale.com<\/p>\n<p>Distribuci\u00f3n:<br \/>\nDistribuidor@ag-sale.com<\/p>\n<p>En Estados Unidos:<br \/>\nTel : (786) 693-8230<br \/>\nFax: (305) 675-2293<\/p>\n<p>En Venezuela:<br \/>\nTel : (0212) 771-9494<\/p>\n<p>En Centro Am\u00e9rica:<br \/>\nTel : (506) 2235-5432<br \/>\nCell : (506) 8368-1996<br \/>\nFax : (506) 2235-5432<\/p>\n<\/div>\n<\/div>\n<\/div>\n","protected":false},"excerpt":{"rendered":"<p>&nbsp; Ventas: ventas@ag-sale.com Compras: compras@ag-sale.com Atenci\u00f3n al cliente: servicios@ag-sale.com Administraci\u00f3n: administracion@ag-sale.com Distribuci\u00f3n: Distribuidor@ag-sale.com En Estados Unidos: Tel : (786) 693-8230 Fax: (305) 675-2293 En Venezuela: Tel : (0212) 771-9494 En Centro Am\u00e9rica: Tel : (506) 2235-5432 Cell : (506) 8368-1996 Fax : (506) 2235-5432<\/p>\n","protected":false},"author":1,"featured_media":0,"parent":0,"menu_order":400,"comment_status":"closed","ping_status":"closed","template":"","meta":[],"_links":{"self":[{"href":"https:\/\/ag-sale.com\/index.php?rest_route=\/wp\/v2\/pages\/16"}],"collection":[{"href":"https:\/\/ag-sale.com\/index.php?rest_route=\/wp\/v2\/pages"}],"about":[{"href":"https:\/\/ag-sale.com\/index.php?rest_route=\/wp\/v2\/types\/page"}],"author":[{"embeddable":true,"href":"https:\/\/ag-sale.com\/index.php?rest_route=\/wp\/v2\/users\/1"}],"replies":[{"embeddable":true,"href":"https:\/\/ag-sale.com\/index.php?rest_route=%2Fwp%2Fv2%2Fcomments&post=16"}],"version-history":[{"count":4,"href":"https:\/\/ag-sale.com\/index.php?rest_route=\/wp\/v2\/pages\/16\/revisions"}],"predecessor-version":[{"id":92,"href":"https:\/\/ag-sale.com\/index.php?rest_route=\/wp\/v2\/pages\/16\/revisions\/92"}],"wp:attachment":[{"href":"https:\/\/ag-sale.com\/index.php?rest_route=%2Fwp%2Fv2%2Fmedia&parent=16"}],"curies":[{"name":"wp","href":"https:\/\/api.w.org\/{rel}","templated":true}]}}