{"id":14,"date":"2017-12-26T23:21:38","date_gmt":"2017-12-26T23:21:38","guid":{"rendered":"http:\/\/ag-sale.com\/?page_id=14"},"modified":"2018-01-06T20:18:29","modified_gmt":"2018-01-06T20:18:29","slug":"home","status":"publish","type":"page","link":"https:\/\/ag-sale.com\/","title":{"rendered":"AG SALE"},"content":{"rendered":"<div class=\"bgimg\">\n<div class=\"topleft\">\n<p>AG &amp; JIREH<\/p>\n<\/div>\n<div class=\"middle\">\n<h1>Proveedores Equipos Computacion<\/h1>\n<hr \/>\n<p><span style=\"font-size: 1rem;\">AG &amp; Jireh Supplies es el lider en servicios de procura personalizados con acceso a mas de 5.000 proveedores a nivel mundial.<\/span><\/p>\n<\/div>\n<div class=\"bottomleft\">Le ofrecemos como valor agregado nuestro servicio, nuestra prioridad son sus necesidades en las areas de productos de tecnolog\u00eda, seguridad personal, movil y empresarial, repuestos, accesorios y partes, ya sean nuevos, usados o refurbish, actuales o descontinuados.<\/div>\n<div><\/div>\n<div class=\"bottomleft\">\n<p><img loading=\"lazy\" class=\"size-medium wp-image-10 alignleft\" src=\"http:\/\/ag-sale.com\/wp-content\/uploads\/2017\/12\/AG-Jireh-LOGO-Large-694x320-300x138.png\" alt=\"\" width=\"300\" height=\"138\" srcset=\"https:\/\/ag-sale.com\/wp-content\/uploads\/2017\/12\/AG-Jireh-LOGO-Large-694x320-300x138.png 300w, https:\/\/ag-sale.com\/wp-content\/uploads\/2017\/12\/AG-Jireh-LOGO-Large-694x320.png 694w\" sizes=\"(max-width: 300px) 100vw, 300px\" \/><\/p>\n<p style=\"text-align: right;\">AG &amp; Jireh Supplies les ofrece una extensa variedad de productos, un mejor y m\u00e1s completo acceso al inventario mundial, y una poderosa l\u00ednea de servicios personalizados seg\u00fan las necesidades de cada uno de nuestros clientes.<\/p>\n<p style=\"text-align: center;\">\n<\/div>\n<\/div>\n","protected":false},"excerpt":{"rendered":"<p>AG &amp; JIREH Proveedores Equipos Computacion AG &amp; Jireh Supplies es el lider en servicios de procura personalizados con acceso a mas de 5.000 proveedores a nivel mundial. Le ofrecemos como valor agregado nuestro servicio, nuestra prioridad son sus necesidades en las areas de productos de tecnolog\u00eda, seguridad personal, movil y empresarial, repuestos, accesorios y &hellip; <\/p>\n<p class=\"link-more\"><a href=\"https:\/\/ag-sale.com\/\" class=\"more-link\">Continue reading<span class=\"screen-reader-text\"> &#8220;AG SALE&#8221;<\/span><\/a><\/p>\n","protected":false},"author":1,"featured_media":0,"parent":0,"menu_order":100,"comment_status":"closed","ping_status":"closed","template":"","meta":[],"_links":{"self":[{"href":"https:\/\/ag-sale.com\/index.php?rest_route=\/wp\/v2\/pages\/14"}],"collection":[{"href":"https:\/\/ag-sale.com\/index.php?rest_route=\/wp\/v2\/pages"}],"about":[{"href":"https:\/\/ag-sale.com\/index.php?rest_route=\/wp\/v2\/types\/page"}],"author":[{"embeddable":true,"href":"https:\/\/ag-sale.com\/index.php?rest_route=\/wp\/v2\/users\/1"}],"replies":[{"embeddable":true,"href":"https:\/\/ag-sale.com\/index.php?rest_route=%2Fwp%2Fv2%2Fcomments&post=14"}],"version-history":[{"count":8,"href":"https:\/\/ag-sale.com\/index.php?rest_route=\/wp\/v2\/pages\/14\/revisions"}],"predecessor-version":[{"id":48,"href":"https:\/\/ag-sale.com\/index.php?rest_route=\/wp\/v2\/pages\/14\/revisions\/48"}],"wp:attachment":[{"href":"https:\/\/ag-sale.com\/index.php?rest_route=%2Fwp%2Fv2%2Fmedia&parent=14"}],"curies":[{"name":"wp","href":"https:\/\/api.w.org\/{rel}","templated":true}]}}